{"id":201,"date":"2009-06-11T06:11:38","date_gmt":"2009-06-11T06:11:38","guid":{"rendered":"http:\/\/www.studio-in.hr\/wp\/kontinuitet\/"},"modified":"2009-06-11T06:11:38","modified_gmt":"2009-06-11T06:11:38","slug":"kontinuitet","status":"publish","type":"page","link":"https:\/\/www.studio-in.hr\/wp\/kontinuitet\/","title":{"rendered":"Kontinuitet"},"content":{"rendered":"<p><img loading=\"lazy\" decoding=\"async\" class=\" size-full wp-image-200\" alt=\"rtr-10\" src=\"http:\/\/www.studio-in.hr\/wp\/wp-content\/uploads\/2009\/06\/rtr-10.jpg\" width=\"461\" height=\"228\" width=\"461\" height=\"228\" srcset=\"https:\/\/www.studio-in.hr\/wp\/wp-content\/uploads\/2009\/06\/rtr-10.jpg 461w, https:\/\/www.studio-in.hr\/wp\/wp-content\/uploads\/2009\/06\/rtr-10-300x148.jpg 300w\" sizes=\"auto, (max-width: 461px) 100vw, 461px\" \/><\/p>\n<p>Danas je terapijska vrijednost masa\u017ee vrlo cijenjena i uvelike priznata tehnika za uklanjanje boli u muskulaturi, opu\u0161tanje \u017eiv\u010danog sistema i bolji protok limfnog sustava, a <strong>kontinuitetom <\/strong>iste posti\u017eemo najdugoro\u010dniji u\u010dinak.<br \/>Terapeutski dodir je osnova masa\u017ee, stoga masa\u017ea djeluje: preventivno, terapeutski, mehani\u010dki, refleksolo\u0161ki i fiziolo\u0161ki. <strong>Opustite se&#8230;<\/strong><\/p>\n","protected":false},"excerpt":{"rendered":"<p>Danas je terapijska vrijednost masa\u017ee vrlo cijenjena i uvelike priznata tehnika za uklanjanje boli u muskulaturi, opu\u0161tanje \u017eiv\u010danog sistema i bolji protok limfnog sustava, a kontinuitetom iste posti\u017eemo najdugoro\u010dniji u\u010dinak.Terapeutski dodir je osnova masa\u017ee, stoga masa\u017ea djeluje: preventivno, terapeutski, mehani\u010dki, refleksolo\u0161ki i fiziolo\u0161ki. Opustite se&#8230;<\/p>\n","protected":false},"author":2,"featured_media":200,"parent":0,"menu_order":5,"comment_status":"closed","ping_status":"closed","template":"","meta":{"footnotes":""},"class_list":["post-201","page","type-page","status-publish","has-post-thumbnail","hentry"],"_links":{"self":[{"href":"https:\/\/www.studio-in.hr\/wp\/wp-json\/wp\/v2\/pages\/201","targetHints":{"allow":["GET"]}}],"collection":[{"href":"https:\/\/www.studio-in.hr\/wp\/wp-json\/wp\/v2\/pages"}],"about":[{"href":"https:\/\/www.studio-in.hr\/wp\/wp-json\/wp\/v2\/types\/page"}],"author":[{"embeddable":true,"href":"https:\/\/www.studio-in.hr\/wp\/wp-json\/wp\/v2\/users\/2"}],"replies":[{"embeddable":true,"href":"https:\/\/www.studio-in.hr\/wp\/wp-json\/wp\/v2\/comments?post=201"}],"version-history":[{"count":0,"href":"https:\/\/www.studio-in.hr\/wp\/wp-json\/wp\/v2\/pages\/201\/revisions"}],"wp:featuredmedia":[{"embeddable":true,"href":"https:\/\/www.studio-in.hr\/wp\/wp-json\/wp\/v2\/media\/200"}],"wp:attachment":[{"href":"https:\/\/www.studio-in.hr\/wp\/wp-json\/wp\/v2\/media?parent=201"}],"curies":[{"name":"wp","href":"https:\/\/api.w.org\/{rel}","templated":true}]}}