{"id":219,"date":"2011-11-17T10:44:32","date_gmt":"2011-11-17T10:44:32","guid":{"rendered":"http:\/\/www.studio-in.hr\/wp\/anticelulitna-masaa\/"},"modified":"2011-11-17T10:44:32","modified_gmt":"2011-11-17T10:44:32","slug":"anticelulitna-masaa","status":"publish","type":"page","link":"https:\/\/www.studio-in.hr\/wp\/anticelulitna-masaa\/","title":{"rendered":"Anticelulitna masa\u017ea"},"content":{"rendered":"<p><img loading=\"lazy\" decoding=\"async\" class=\" size-full wp-image-218\" style=\"display: block; margin-left: auto; margin-right: auto;\" alt=\"anticel_masaza\" src=\"http:\/\/www.studio-in.hr\/wp\/wp-content\/uploads\/2011\/11\/anticel_masaza.jpg\" width=\"460\" height=\"223\" width=\"460\" height=\"223\" srcset=\"https:\/\/www.studio-in.hr\/wp\/wp-content\/uploads\/2011\/11\/anticel_masaza.jpg 460w, https:\/\/www.studio-in.hr\/wp\/wp-content\/uploads\/2011\/11\/anticel_masaza-300x145.jpg 300w\" sizes=\"auto, (max-width: 460px) 100vw, 460px\" \/><\/p>\n<p style=\"text-align: justify;\">Anticelulitna masa\u017ea ima za cilj razbiti masne naslage i nakupine celulita<br \/>Nedovoljno kretanje, konzumiranje \u201enezdrave\u201c hrane, smanjeni unos teku\u0107ine dovodi do nakupljanja celulita, a ovom vrstom masa\u017ee sa svojim dubinskim pritiskom tretiramo zahva\u0107eno podru\u010dje. Pokreti su kontinuirani i razgra\u0111uju celuli koji se odvodi putem vode, uz primjenu trening vje\u017ebi za zatezanje istretiranog podru\u010dja.<\/p>\n<p style=\"text-align: justify;\">Ru\u010dnu&nbsp; anticelulitnu masa\u017eu ne mo\u017ee zamijeniti niti jedan ure\u0111aj sli\u010dne namjene.<\/p>\n","protected":false},"excerpt":{"rendered":"<p>Anticelulitna masa\u017ea ima za cilj razbiti masne naslage i nakupine celulitaNedovoljno kretanje, konzumiranje \u201enezdrave\u201c hrane, smanjeni unos teku\u0107ine dovodi do nakupljanja celulita, a ovom vrstom masa\u017ee sa svojim dubinskim pritiskom tretiramo zahva\u0107eno podru\u010dje. Pokreti su kontinuirani i razgra\u0111uju celuli koji se odvodi putem vode, uz primjenu trening vje\u017ebi za zatezanje istretiranog podru\u010dja. Ru\u010dnu&nbsp; anticelulitnu masa\u017eu [&hellip;]<\/p>\n","protected":false},"author":2,"featured_media":218,"parent":0,"menu_order":2,"comment_status":"closed","ping_status":"closed","template":"","meta":{"footnotes":""},"class_list":["post-219","page","type-page","status-publish","has-post-thumbnail","hentry"],"_links":{"self":[{"href":"https:\/\/www.studio-in.hr\/wp\/wp-json\/wp\/v2\/pages\/219","targetHints":{"allow":["GET"]}}],"collection":[{"href":"https:\/\/www.studio-in.hr\/wp\/wp-json\/wp\/v2\/pages"}],"about":[{"href":"https:\/\/www.studio-in.hr\/wp\/wp-json\/wp\/v2\/types\/page"}],"author":[{"embeddable":true,"href":"https:\/\/www.studio-in.hr\/wp\/wp-json\/wp\/v2\/users\/2"}],"replies":[{"embeddable":true,"href":"https:\/\/www.studio-in.hr\/wp\/wp-json\/wp\/v2\/comments?post=219"}],"version-history":[{"count":0,"href":"https:\/\/www.studio-in.hr\/wp\/wp-json\/wp\/v2\/pages\/219\/revisions"}],"wp:featuredmedia":[{"embeddable":true,"href":"https:\/\/www.studio-in.hr\/wp\/wp-json\/wp\/v2\/media\/218"}],"wp:attachment":[{"href":"https:\/\/www.studio-in.hr\/wp\/wp-json\/wp\/v2\/media?parent=219"}],"curies":[{"name":"wp","href":"https:\/\/api.w.org\/{rel}","templated":true}]}}